{"id":9,"date":"2017-03-21T13:16:04","date_gmt":"2017-03-21T13:16:04","guid":{"rendered":"http:\/\/essential.ravenbluethemes.com\/?page_id=9"},"modified":"2026-02-10T16:31:38","modified_gmt":"2026-02-10T16:31:38","slug":"inicio","status":"publish","type":"page","link":"https:\/\/3cdesign.com.ar\/","title":{"rendered":""},"content":{"rendered":"<p>[vc_row full_width=&#8221;stretch_row_content_no_spaces&#8221; full_height=&#8221;yes&#8221; content_placement=&#8221;middle&#8221;][vc_column][vc_banner title=&#8221;Senior Multidisciplinary Designer&#8221; subtitle=&#8221;BRAND \u00b7 EDITORIAL \u00b7 DIGITAL \u00b7 PRODUCTION SYSTEMS&#8221;][\/vc_column][\/vc_row][vc_row full_width=&#8221;stretch_row&#8221; desktop_pt=&#8221;padding-lg-165t&#8221; desktop_pb=&#8221;padding-lg-200b&#8221; tablets_pt=&#8221;padding-sm-80t&#8221; tablets_pb=&#8221;padding-sm-100b&#8221; mobile_pt=&#8221;padding-xs-35t&#8221; mobile_pb=&#8221;padding-xs-50b&#8221; css=&#8221;.vc_custom_1491206972625{background-color: #ffffff !important;}&#8221;][vc_column][vc_column_text]<\/p>\n<h5 style=\"text-align: center;\">30+ years of experience designing and producing visual systems<br data-start=\"873\" data-end=\"876\" \/>across print, digital and physical contexts.<\/h5>\n<p>[\/vc_column_text][\/vc_column][vc_column width=&#8221;1\/3&#8243;][vc_icon_shortcode font_icon=&#8221;ionicons&#8221; icon_ionicons=&#8221;ion-ios-apps&#8221; title=&#8221;CREATIVITY&#8221; description=&#8221;CREATIVITY&#8221; icon=&#8221;fa fa-filter&#8221;][\/vc_icon_shortcode][\/vc_column][vc_column width=&#8221;1\/3&#8243;][vc_icon_shortcode font_icon=&#8221;ionicons&#8221; icon_ionicons=&#8221;ion-ios-brush&#8221; title=&#8221;DESIGN&#8221; description=&#8221;CREATIVITY&#8221; icon=&#8221;fa fa-gitlab&#8221;][\/vc_icon_shortcode][\/vc_column][vc_column width=&#8221;1\/3&#8243;][vc_icon_shortcode font_icon=&#8221;ionicons&#8221; icon_ionicons=&#8221;ion-ios-git-merge&#8221; title=&#8221;SYSTEMS&#8221; description=&#8221;CREATIVITY&#8221; icon=&#8221;fa fa-gitlab&#8221;][\/vc_icon_shortcode][\/vc_column][vc_column][vc_column_text]<\/p>\n<blockquote>\n<h5 style=\"text-align: center;\">I work at the intersection of <strong data-start=\"1197\" data-end=\"1240\">design, production and systems thinking<\/strong>,<br data-start=\"1241\" data-end=\"1244\" \/>helping organizations transform complex ideas into clear and feasible solutions.<\/h5>\n<\/blockquote>\n<p>[\/vc_column_text][\/vc_column][\/vc_row]<\/p>\n","protected":false},"excerpt":{"rendered":"<p>[vc_row full_width=&#8221;stretch_row_content_no_spaces&#8221; full_height=&#8221;yes&#8221; content_placement=&#8221;middle&#8221;][vc_column][vc_banner title=&#8221;Senior Multidisciplinary Designer&#8221; subtitle=&#8221;BRAND \u00b7 EDITORIAL \u00b7 DIGITAL \u00b7 PRODUCTION SYSTEMS&#8221;][\/vc_column][\/vc_row][vc_row full_width=&#8221;stretch_row&#8221; desktop_pt=&#8221;padding-lg-165t&#8221; desktop_pb=&#8221;padding-lg-200b&#8221; tablets_pt=&#8221;padding-sm-80t&#8221; tablets_pb=&#8221;padding-sm-100b&#8221; mobile_pt=&#8221;padding-xs-35t&#8221; mobile_pb=&#8221;padding-xs-50b&#8221;&#8230;<\/p>\n","protected":false},"author":1,"featured_media":0,"parent":0,"menu_order":0,"comment_status":"closed","ping_status":"closed","template":"","meta":{"footnotes":""},"class_list":["post-9","page","type-page","status-publish","hentry"],"yoast_head":"<!-- This site is optimized with the Yoast SEO plugin v25.5 - https:\/\/yoast.com\/wordpress\/plugins\/seo\/ -->\n<title>3CDesign \u2022<\/title>\n<meta name=\"description\" content=\"3CDesign es un empresa dedicada al &quot;Dise\u00f1o&quot; Gr\u00e1fico, Logos y desarrollo de Marca, presencia Web e Industrial, modelado e impresi\u00f3n 3D.\" \/>\n<meta name=\"robots\" content=\"index, follow, max-snippet:-1, max-image-preview:large, max-video-preview:-1\" \/>\n<link rel=\"canonical\" href=\"https:\/\/3cdesign.com.ar\/\" \/>\n<meta property=\"og:locale\" content=\"en_US\" \/>\n<meta property=\"og:type\" content=\"article\" \/>\n<meta property=\"og:title\" content=\"3CDesign \u2022\" \/>\n<meta property=\"og:description\" content=\"3CDesign es un empresa dedicada al &quot;Dise\u00f1o&quot; Gr\u00e1fico, Logos y desarrollo de Marca, presencia Web e Industrial, modelado e impresi\u00f3n 3D.\" \/>\n<meta property=\"og:url\" content=\"https:\/\/3cdesign.com.ar\/\" \/>\n<meta property=\"og:site_name\" content=\"3CDesign\" \/>\n<meta property=\"article:publisher\" content=\"https:\/\/www.facebook.com\/profile.php?id=100063649116497\" \/>\n<meta property=\"article:modified_time\" content=\"2026-02-10T16:31:38+00:00\" \/>\n<meta name=\"twitter:card\" content=\"summary_large_image\" \/>\n<meta name=\"twitter:label1\" content=\"Est. reading time\" \/>\n\t<meta name=\"twitter:data1\" content=\"1 minute\" \/>\n<script type=\"application\/ld+json\" class=\"yoast-schema-graph\">{\"@context\":\"https:\/\/schema.org\",\"@graph\":[{\"@type\":\"WebPage\",\"@id\":\"https:\/\/3cdesign.com.ar\/\",\"url\":\"https:\/\/3cdesign.com.ar\/\",\"name\":\"3CDesign \u2022\",\"isPartOf\":{\"@id\":\"https:\/\/3cdesign.com.ar\/#website\"},\"datePublished\":\"2017-03-21T13:16:04+00:00\",\"dateModified\":\"2026-02-10T16:31:38+00:00\",\"description\":\"3CDesign es un empresa dedicada al \\\"Dise\u00f1o\\\" Gr\u00e1fico, Logos y desarrollo de Marca, presencia Web e Industrial, modelado e impresi\u00f3n 3D.\",\"inLanguage\":\"en-US\",\"potentialAction\":[{\"@type\":\"ReadAction\",\"target\":[\"https:\/\/3cdesign.com.ar\/\"]}]},{\"@type\":\"WebSite\",\"@id\":\"https:\/\/3cdesign.com.ar\/#website\",\"url\":\"https:\/\/3cdesign.com.ar\/\",\"name\":\"3CDesign\",\"description\":\"\",\"publisher\":{\"@id\":\"https:\/\/3cdesign.com.ar\/#organization\"},\"potentialAction\":[{\"@type\":\"SearchAction\",\"target\":{\"@type\":\"EntryPoint\",\"urlTemplate\":\"https:\/\/3cdesign.com.ar\/?s={search_term_string}\"},\"query-input\":{\"@type\":\"PropertyValueSpecification\",\"valueRequired\":true,\"valueName\":\"search_term_string\"}}],\"inLanguage\":\"en-US\"},{\"@type\":\"Organization\",\"@id\":\"https:\/\/3cdesign.com.ar\/#organization\",\"name\":\"3CDesign\",\"url\":\"https:\/\/3cdesign.com.ar\/\",\"logo\":{\"@type\":\"ImageObject\",\"inLanguage\":\"en-US\",\"@id\":\"https:\/\/3cdesign.com.ar\/#\/schema\/logo\/image\/\",\"url\":\"https:\/\/3cdesign.com.ar\/wp-content\/uploads\/2019\/07\/Logo-3CD-01.jpg\",\"contentUrl\":\"https:\/\/3cdesign.com.ar\/wp-content\/uploads\/2019\/07\/Logo-3CD-01.jpg\",\"width\":290,\"height\":70,\"caption\":\"3CDesign\"},\"image\":{\"@id\":\"https:\/\/3cdesign.com.ar\/#\/schema\/logo\/image\/\"},\"sameAs\":[\"https:\/\/www.facebook.com\/profile.php?id=100063649116497\",\"https:\/\/www.linkedin.com\/in\/marcelocapellaro\/\"]}]}<\/script>\n<!-- \/ Yoast SEO plugin. -->","yoast_head_json":{"title":"3CDesign \u2022","description":"3CDesign es un empresa dedicada al \"Dise\u00f1o\" Gr\u00e1fico, Logos y desarrollo de Marca, presencia Web e Industrial, modelado e impresi\u00f3n 3D.","robots":{"index":"index","follow":"follow","max-snippet":"max-snippet:-1","max-image-preview":"max-image-preview:large","max-video-preview":"max-video-preview:-1"},"canonical":"https:\/\/3cdesign.com.ar\/","og_locale":"en_US","og_type":"article","og_title":"3CDesign \u2022","og_description":"3CDesign es un empresa dedicada al \"Dise\u00f1o\" Gr\u00e1fico, Logos y desarrollo de Marca, presencia Web e Industrial, modelado e impresi\u00f3n 3D.","og_url":"https:\/\/3cdesign.com.ar\/","og_site_name":"3CDesign","article_publisher":"https:\/\/www.facebook.com\/profile.php?id=100063649116497","article_modified_time":"2026-02-10T16:31:38+00:00","twitter_card":"summary_large_image","twitter_misc":{"Est. reading time":"1 minute"},"schema":{"@context":"https:\/\/schema.org","@graph":[{"@type":"WebPage","@id":"https:\/\/3cdesign.com.ar\/","url":"https:\/\/3cdesign.com.ar\/","name":"3CDesign \u2022","isPartOf":{"@id":"https:\/\/3cdesign.com.ar\/#website"},"datePublished":"2017-03-21T13:16:04+00:00","dateModified":"2026-02-10T16:31:38+00:00","description":"3CDesign es un empresa dedicada al \"Dise\u00f1o\" Gr\u00e1fico, Logos y desarrollo de Marca, presencia Web e Industrial, modelado e impresi\u00f3n 3D.","inLanguage":"en-US","potentialAction":[{"@type":"ReadAction","target":["https:\/\/3cdesign.com.ar\/"]}]},{"@type":"WebSite","@id":"https:\/\/3cdesign.com.ar\/#website","url":"https:\/\/3cdesign.com.ar\/","name":"3CDesign","description":"","publisher":{"@id":"https:\/\/3cdesign.com.ar\/#organization"},"potentialAction":[{"@type":"SearchAction","target":{"@type":"EntryPoint","urlTemplate":"https:\/\/3cdesign.com.ar\/?s={search_term_string}"},"query-input":{"@type":"PropertyValueSpecification","valueRequired":true,"valueName":"search_term_string"}}],"inLanguage":"en-US"},{"@type":"Organization","@id":"https:\/\/3cdesign.com.ar\/#organization","name":"3CDesign","url":"https:\/\/3cdesign.com.ar\/","logo":{"@type":"ImageObject","inLanguage":"en-US","@id":"https:\/\/3cdesign.com.ar\/#\/schema\/logo\/image\/","url":"https:\/\/3cdesign.com.ar\/wp-content\/uploads\/2019\/07\/Logo-3CD-01.jpg","contentUrl":"https:\/\/3cdesign.com.ar\/wp-content\/uploads\/2019\/07\/Logo-3CD-01.jpg","width":290,"height":70,"caption":"3CDesign"},"image":{"@id":"https:\/\/3cdesign.com.ar\/#\/schema\/logo\/image\/"},"sameAs":["https:\/\/www.facebook.com\/profile.php?id=100063649116497","https:\/\/www.linkedin.com\/in\/marcelocapellaro\/"]}]}},"jetpack_sharing_enabled":true,"_links":{"self":[{"href":"https:\/\/3cdesign.com.ar\/index.php?rest_route=\/wp\/v2\/pages\/9"}],"collection":[{"href":"https:\/\/3cdesign.com.ar\/index.php?rest_route=\/wp\/v2\/pages"}],"about":[{"href":"https:\/\/3cdesign.com.ar\/index.php?rest_route=\/wp\/v2\/types\/page"}],"author":[{"embeddable":true,"href":"https:\/\/3cdesign.com.ar\/index.php?rest_route=\/wp\/v2\/users\/1"}],"replies":[{"embeddable":true,"href":"https:\/\/3cdesign.com.ar\/index.php?rest_route=%2Fwp%2Fv2%2Fcomments&post=9"}],"version-history":[{"count":12,"href":"https:\/\/3cdesign.com.ar\/index.php?rest_route=\/wp\/v2\/pages\/9\/revisions"}],"predecessor-version":[{"id":1278,"href":"https:\/\/3cdesign.com.ar\/index.php?rest_route=\/wp\/v2\/pages\/9\/revisions\/1278"}],"wp:attachment":[{"href":"https:\/\/3cdesign.com.ar\/index.php?rest_route=%2Fwp%2Fv2%2Fmedia&parent=9"}],"curies":[{"name":"wp","href":"https:\/\/api.w.org\/{rel}","templated":true}]}}