{"id":170,"date":"2020-05-07T16:21:40","date_gmt":"2020-05-07T16:21:40","guid":{"rendered":"http:\/\/3cdesign.com.ar\/2019\/?page_id=170"},"modified":"2020-05-26T16:40:09","modified_gmt":"2020-05-26T16:40:09","slug":"cv","status":"publish","type":"page","link":"https:\/\/3cdesign.com.ar\/?page_id=170","title":{"rendered":"CV"},"content":{"rendered":"<p>[vc_row css=&#8221;.vc_custom_1590510539018{padding-right: 36px !important;padding-left: 36px !important;background-color: rgba(255,255,255,0.91) !important;*background-color: rgb(255,255,255) !important;}&#8221;][vc_column][vc_column_text]<\/p>\r\n<h3><span style=\"color: #ff6600;\">Curriculum Vitae<\/span><\/h3>\r\n<p>[\/vc_column_text][vc_column_text]<\/p>\r\n<p><span class=\"has-inline-color has-cyan-bluish-gray-color\">Desarrollo de la p\u00e1gina para la <\/span>UNMDP Facultad Nacional de Arquitectura de Mar del Plata <span class=\"has-inline-color has-cyan-bluish-gray-color\">en el a\u00f1o 1997 en flash versi\u00f3n 2, usuario de Mac y PC.<br \/>Trabajo en desarrollo web, aplicaciones y animaciones para empresas como<\/span> Xerox, McDonald\u2019s, Hotel Costa Galana, Westerville<span class=\"has-inline-color has-cyan-bluish-gray-color\"> empresa textil,<\/span> Tout <span class=\"has-inline-color has-cyan-bluish-gray-color\">fabricantes de bikinis e indumentaria deportiva, revista<\/span> Surfista, FASurf Federaci\u00f3n Argentina de Surf<span class=\"has-inline-color has-cyan-bluish-gray-color\">, peri\u00f3dico espa\u00f1ol\/ingl\u00e9s<\/span> ICANEWS<span class=\"has-inline-color has-cyan-bluish-gray-color\">,<\/span> ICA Instituto Cultural Americano<span class=\"has-inline-color has-cyan-bluish-gray-color\">, etc.<br \/>Del 2000 al 2002 trabajo en California para un peri\u00f3dico biling\u00fce<\/span> Am\u00e9rica2000<span class=\"has-inline-color has-cyan-bluish-gray-color\"> como Senior Designer adem\u00e1s de la realizaci\u00f3n de p\u00e1ginas web e im\u00e1gen corporativa <\/span>Paver Decor<span class=\"has-inline-color has-cyan-bluish-gray-color\"> y <\/span>Alpha &amp; Omega Pavers<span class=\"has-inline-color has-cyan-bluish-gray-color\"> como freelance.<br \/>Stage Manager y Webmaster en <\/span>TMDG<span class=\"has-inline-color has-cyan-bluish-gray-color\"> por espacio de 6 a\u00f1os + 2 a\u00f1os, 8 a\u00f1os en total desde 2003.<br \/>Trabajo a distancia Senior Designer para <\/span>FuturaHost<span class=\"has-inline-color has-cyan-bluish-gray-color\">, empresa italiana de hosting 2008\/2010.<\/span><br \/>TELPIN <span class=\"has-inline-color has-cyan-bluish-gray-color\">desarrollo de plataforma de streaming web para TV on line.<br \/>Encargado de sucursal <\/span>Gr\u00e1fica10<span class=\"has-inline-color has-cyan-bluish-gray-color\"> en 2012.<br \/>Socio Fundador de<\/span> Falc\u00f3n UAV<span class=\"has-inline-color has-cyan-bluish-gray-color\">, proyecto de aeroaplicaci\u00f3n nocturna con drones.<br \/>Actualmente resido en Mar del Plata, Argentina, en mi studio de dise\u00f1o.<\/span><\/p>\r\n<p><br \/><span class=\"has-inline-color has-cyan-bluish-gray-color\">Marcelo Capellaro<br \/>Rawson 2689. Mar del Plata. Argentina<br \/><a href=\"tel:+54223295976\">+54 223 5 295976<\/a><br \/><a href=\"mailto:marcelo@3cdesign.com.ar\">marcelo@3cdesign.com.ar<\/a><\/span><\/p>\r\n<p><strong><span class=\"has-inline-color has-luminous-vivid-orange-color\">Perfil<\/span><\/strong><br \/>Dise\u00f1ador Industrial, Gr\u00e1fico, Web y multimedia con m\u00e1s de 27 a\u00f1os de experiencia.<\/p>\r\n<p><strong><span class=\"has-inline-color has-luminous-vivid-orange-color\">Experiencia creativa<\/span><\/strong><\/p>\r\n<p><strong><span class=\"has-inline-color has-luminous-vivid-orange-color\">Imprenta<\/span><\/strong><br \/>Revistas, Peri\u00f3dicos, Logos, Papeler\u00eda, Brochurs y Posters.<\/p>\r\n<p><strong><span class=\"has-inline-color has-luminous-vivid-orange-color\">Web &amp; Multimedia<\/span><\/strong><br \/>Website dise\u00f1o en c\u00f3digos HTML, Flash avanzado, PHP y MySQL<br \/>CD Interactivos, conversi\u00f3n de videos.<\/p>\r\n<p><strong><span class=\"has-inline-color has-luminous-vivid-orange-color\">Experiencia Profesional<\/span><\/strong><\/p>\r\n<p><strong><span class=\"has-inline-color has-luminous-vivid-orange-color\">Dise\u00f1o Gr\u00e1fico<\/span><\/strong><br \/>America 2000 Latino Newspaper \u2013 2000-2002 \u2013 Pomona \u2013 CA \u2013 USA<br \/>TMDG Trimarchi DG, evento mundial de dise\u00f1o \u2013 2003-2011 \u2013 MDP &#8211; AR<br \/>FuturaHost.com empresa de Hosting \u2013 2008-2009 \u2013 Castello Tesino &#8211; Italia<br \/>Falc\u00f3n UAV, proyecto de aeroaplicaci\u00f3n nocturna con drones \u2013 1995 \u2013 Presente<br \/>Dise\u00f1ador Gr\u00e1fico y Web Independiente:<br \/>3C Design Studio, 1997 \u2013 Presente<\/p>\r\n<p>Trabajo en comunicaci\u00f3n activa con los clientes para crear y coordinar proyectos gr\u00e1ficos combinando experiencia y beneficios para alcanzar los objetivos.<br \/>Creaci\u00f3n de dise\u00f1os y gr\u00e1ficas para marketing y presentaciones, videos y websites<\/p>\r\n<p><strong><span class=\"has-inline-color has-luminous-vivid-orange-color\">Web sites<\/span><\/strong><br \/>cristalida.com<br \/>icanews.com<br \/>falconuav.com.ar<br \/>loscardonestrh.com.ar<br \/>surfaddiction.com.ar<br \/>ecosteel.com.ar<br \/>telpinteve.com.ar<br \/>trimarchidg.net<br \/>icamdp.com.ar<br \/>urbanpacific.com.ar<\/p>\r\n<p><strong><span class=\"has-inline-color has-luminous-vivid-orange-color\">Estudios<\/span><\/strong><br \/>Jefe de Trabajos Pr\u00e1cticos en UNMDP &#8211; Dise\u00f1o Industrial 1989 &#8211; 2000<br \/>Profesor en CAECE Laboratorios de Dise\u00f1o Gr\u00e1fico II, III y IV (avanzado) 1995 &#8211; 2005<br \/>Idioma ingl\u00e9s, escrito y oral<\/p>\r\n<p><strong><span class=\"has-inline-color has-luminous-vivid-orange-color\">Plataformas<\/span><\/strong><br \/>Mac OSX. Windows.<\/p>\r\n<p><span class=\"has-inline-color has-luminous-vivid-orange-color\"><strong>Aplicaciones<\/strong><\/span><br \/>SolidWorks, Photoshop, Illustrator, QuarkXPress, InDesign, Premiere, Adobe Flash, Fireworks, Dreamweaver y Office Suite.<\/p>\r\n<p>\u00a0<\/p><figure class=\"wp-block-image size-large\"><img loading=\"lazy\" decoding=\"async\" width=\"613\" height=\"323\" class=\"wp-image-230\" src=\"https:\/\/3cdesign.com.ar\/wp-content\/uploads\/2020\/05\/Asset-1.png\" alt=\"\" srcset=\"https:\/\/3cdesign.com.ar\/wp-content\/uploads\/2020\/05\/Asset-1.png 613w, https:\/\/3cdesign.com.ar\/wp-content\/uploads\/2020\/05\/Asset-1-600x316.png 600w, https:\/\/3cdesign.com.ar\/wp-content\/uploads\/2020\/05\/Asset-1-300x158.png 300w\" sizes=\"(max-width: 613px) 100vw, 613px\" \/><\/figure>\r\n<p>\u00a0<\/p>\r\n<p>[\/vc_column_text][\/vc_column][\/vc_row]<\/p>","protected":false},"excerpt":{"rendered":"<p>[vc_row css=&#8221;.vc_custom_1590510539018{padding-right: 36px !important;padding-left: 36px !important;background-color: rgba(255,255,255,0.91) !important;*background-color: rgb(255,255,255) !important;}&#8221;][vc_column][vc_column_text] Curriculum Vitae [\/vc_column_text][vc_column_text] Desarrollo de la p\u00e1gina para la UNMDP Facultad Nacional&#8230;<\/p>\n","protected":false},"author":1,"featured_media":230,"parent":0,"menu_order":0,"comment_status":"closed","ping_status":"closed","template":"","meta":{"footnotes":""},"class_list":["post-170","page","type-page","status-publish","has-post-thumbnail","hentry"],"yoast_head":"<!-- This site is optimized with the Yoast SEO plugin v25.5 - https:\/\/yoast.com\/wordpress\/plugins\/seo\/ -->\n<title>CV - 3CDesign<\/title>\n<meta name=\"robots\" content=\"index, follow, max-snippet:-1, max-image-preview:large, max-video-preview:-1\" \/>\n<link rel=\"canonical\" href=\"https:\/\/3cdesign.com.ar\/?page_id=170\" \/>\n<meta property=\"og:locale\" content=\"en_US\" \/>\n<meta property=\"og:type\" content=\"article\" \/>\n<meta property=\"og:title\" content=\"CV - 3CDesign\" \/>\n<meta property=\"og:description\" content=\"[vc_row css=&#8221;.vc_custom_1590510539018{padding-right: 36px !important;padding-left: 36px !important;background-color: rgba(255,255,255,0.91) !important;*background-color: rgb(255,255,255) !important;}&#8221;][vc_column][vc_column_text] Curriculum Vitae [\/vc_column_text][vc_column_text] Desarrollo de la p\u00e1gina para la UNMDP Facultad Nacional...\" \/>\n<meta property=\"og:url\" content=\"https:\/\/3cdesign.com.ar\/?page_id=170\" \/>\n<meta property=\"og:site_name\" content=\"3CDesign\" \/>\n<meta property=\"article:publisher\" content=\"https:\/\/www.facebook.com\/profile.php?id=100063649116497\" \/>\n<meta property=\"article:modified_time\" content=\"2020-05-26T16:40:09+00:00\" \/>\n<meta property=\"og:image\" content=\"https:\/\/3cdesign.com.ar\/wp-content\/uploads\/2020\/05\/Asset-1.png\" \/>\n\t<meta property=\"og:image:width\" content=\"613\" \/>\n\t<meta property=\"og:image:height\" content=\"323\" \/>\n\t<meta property=\"og:image:type\" content=\"image\/png\" \/>\n<meta name=\"twitter:card\" content=\"summary_large_image\" \/>\n<meta name=\"twitter:label1\" content=\"Est. reading time\" \/>\n\t<meta name=\"twitter:data1\" content=\"2 minutes\" \/>\n<script type=\"application\/ld+json\" class=\"yoast-schema-graph\">{\"@context\":\"https:\/\/schema.org\",\"@graph\":[{\"@type\":\"WebPage\",\"@id\":\"https:\/\/3cdesign.com.ar\/?page_id=170\",\"url\":\"https:\/\/3cdesign.com.ar\/?page_id=170\",\"name\":\"CV - 3CDesign\",\"isPartOf\":{\"@id\":\"https:\/\/3cdesign.com.ar\/#website\"},\"primaryImageOfPage\":{\"@id\":\"https:\/\/3cdesign.com.ar\/?page_id=170#primaryimage\"},\"image\":{\"@id\":\"https:\/\/3cdesign.com.ar\/?page_id=170#primaryimage\"},\"thumbnailUrl\":\"https:\/\/3cdesign.com.ar\/wp-content\/uploads\/2020\/05\/Asset-1.png\",\"datePublished\":\"2020-05-07T16:21:40+00:00\",\"dateModified\":\"2020-05-26T16:40:09+00:00\",\"breadcrumb\":{\"@id\":\"https:\/\/3cdesign.com.ar\/?page_id=170#breadcrumb\"},\"inLanguage\":\"en-US\",\"potentialAction\":[{\"@type\":\"ReadAction\",\"target\":[\"https:\/\/3cdesign.com.ar\/?page_id=170\"]}]},{\"@type\":\"ImageObject\",\"inLanguage\":\"en-US\",\"@id\":\"https:\/\/3cdesign.com.ar\/?page_id=170#primaryimage\",\"url\":\"https:\/\/3cdesign.com.ar\/wp-content\/uploads\/2020\/05\/Asset-1.png\",\"contentUrl\":\"https:\/\/3cdesign.com.ar\/wp-content\/uploads\/2020\/05\/Asset-1.png\",\"width\":613,\"height\":323},{\"@type\":\"BreadcrumbList\",\"@id\":\"https:\/\/3cdesign.com.ar\/?page_id=170#breadcrumb\",\"itemListElement\":[{\"@type\":\"ListItem\",\"position\":1,\"name\":\"Home\",\"item\":\"https:\/\/3cdesign.com.ar\/\"},{\"@type\":\"ListItem\",\"position\":2,\"name\":\"CV\"}]},{\"@type\":\"WebSite\",\"@id\":\"https:\/\/3cdesign.com.ar\/#website\",\"url\":\"https:\/\/3cdesign.com.ar\/\",\"name\":\"3CDesign\",\"description\":\"\",\"publisher\":{\"@id\":\"https:\/\/3cdesign.com.ar\/#organization\"},\"potentialAction\":[{\"@type\":\"SearchAction\",\"target\":{\"@type\":\"EntryPoint\",\"urlTemplate\":\"https:\/\/3cdesign.com.ar\/?s={search_term_string}\"},\"query-input\":{\"@type\":\"PropertyValueSpecification\",\"valueRequired\":true,\"valueName\":\"search_term_string\"}}],\"inLanguage\":\"en-US\"},{\"@type\":\"Organization\",\"@id\":\"https:\/\/3cdesign.com.ar\/#organization\",\"name\":\"3CDesign\",\"url\":\"https:\/\/3cdesign.com.ar\/\",\"logo\":{\"@type\":\"ImageObject\",\"inLanguage\":\"en-US\",\"@id\":\"https:\/\/3cdesign.com.ar\/#\/schema\/logo\/image\/\",\"url\":\"https:\/\/3cdesign.com.ar\/wp-content\/uploads\/2019\/07\/Logo-3CD-01.jpg\",\"contentUrl\":\"https:\/\/3cdesign.com.ar\/wp-content\/uploads\/2019\/07\/Logo-3CD-01.jpg\",\"width\":290,\"height\":70,\"caption\":\"3CDesign\"},\"image\":{\"@id\":\"https:\/\/3cdesign.com.ar\/#\/schema\/logo\/image\/\"},\"sameAs\":[\"https:\/\/www.facebook.com\/profile.php?id=100063649116497\",\"https:\/\/www.linkedin.com\/in\/marcelocapellaro\/\"]}]}<\/script>\n<!-- \/ Yoast SEO plugin. -->","yoast_head_json":{"title":"CV - 3CDesign","robots":{"index":"index","follow":"follow","max-snippet":"max-snippet:-1","max-image-preview":"max-image-preview:large","max-video-preview":"max-video-preview:-1"},"canonical":"https:\/\/3cdesign.com.ar\/?page_id=170","og_locale":"en_US","og_type":"article","og_title":"CV - 3CDesign","og_description":"[vc_row css=&#8221;.vc_custom_1590510539018{padding-right: 36px !important;padding-left: 36px !important;background-color: rgba(255,255,255,0.91) !important;*background-color: rgb(255,255,255) !important;}&#8221;][vc_column][vc_column_text] Curriculum Vitae [\/vc_column_text][vc_column_text] Desarrollo de la p\u00e1gina para la UNMDP Facultad Nacional...","og_url":"https:\/\/3cdesign.com.ar\/?page_id=170","og_site_name":"3CDesign","article_publisher":"https:\/\/www.facebook.com\/profile.php?id=100063649116497","article_modified_time":"2020-05-26T16:40:09+00:00","og_image":[{"width":613,"height":323,"url":"https:\/\/3cdesign.com.ar\/wp-content\/uploads\/2020\/05\/Asset-1.png","type":"image\/png"}],"twitter_card":"summary_large_image","twitter_misc":{"Est. reading time":"2 minutes"},"schema":{"@context":"https:\/\/schema.org","@graph":[{"@type":"WebPage","@id":"https:\/\/3cdesign.com.ar\/?page_id=170","url":"https:\/\/3cdesign.com.ar\/?page_id=170","name":"CV - 3CDesign","isPartOf":{"@id":"https:\/\/3cdesign.com.ar\/#website"},"primaryImageOfPage":{"@id":"https:\/\/3cdesign.com.ar\/?page_id=170#primaryimage"},"image":{"@id":"https:\/\/3cdesign.com.ar\/?page_id=170#primaryimage"},"thumbnailUrl":"https:\/\/3cdesign.com.ar\/wp-content\/uploads\/2020\/05\/Asset-1.png","datePublished":"2020-05-07T16:21:40+00:00","dateModified":"2020-05-26T16:40:09+00:00","breadcrumb":{"@id":"https:\/\/3cdesign.com.ar\/?page_id=170#breadcrumb"},"inLanguage":"en-US","potentialAction":[{"@type":"ReadAction","target":["https:\/\/3cdesign.com.ar\/?page_id=170"]}]},{"@type":"ImageObject","inLanguage":"en-US","@id":"https:\/\/3cdesign.com.ar\/?page_id=170#primaryimage","url":"https:\/\/3cdesign.com.ar\/wp-content\/uploads\/2020\/05\/Asset-1.png","contentUrl":"https:\/\/3cdesign.com.ar\/wp-content\/uploads\/2020\/05\/Asset-1.png","width":613,"height":323},{"@type":"BreadcrumbList","@id":"https:\/\/3cdesign.com.ar\/?page_id=170#breadcrumb","itemListElement":[{"@type":"ListItem","position":1,"name":"Home","item":"https:\/\/3cdesign.com.ar\/"},{"@type":"ListItem","position":2,"name":"CV"}]},{"@type":"WebSite","@id":"https:\/\/3cdesign.com.ar\/#website","url":"https:\/\/3cdesign.com.ar\/","name":"3CDesign","description":"","publisher":{"@id":"https:\/\/3cdesign.com.ar\/#organization"},"potentialAction":[{"@type":"SearchAction","target":{"@type":"EntryPoint","urlTemplate":"https:\/\/3cdesign.com.ar\/?s={search_term_string}"},"query-input":{"@type":"PropertyValueSpecification","valueRequired":true,"valueName":"search_term_string"}}],"inLanguage":"en-US"},{"@type":"Organization","@id":"https:\/\/3cdesign.com.ar\/#organization","name":"3CDesign","url":"https:\/\/3cdesign.com.ar\/","logo":{"@type":"ImageObject","inLanguage":"en-US","@id":"https:\/\/3cdesign.com.ar\/#\/schema\/logo\/image\/","url":"https:\/\/3cdesign.com.ar\/wp-content\/uploads\/2019\/07\/Logo-3CD-01.jpg","contentUrl":"https:\/\/3cdesign.com.ar\/wp-content\/uploads\/2019\/07\/Logo-3CD-01.jpg","width":290,"height":70,"caption":"3CDesign"},"image":{"@id":"https:\/\/3cdesign.com.ar\/#\/schema\/logo\/image\/"},"sameAs":["https:\/\/www.facebook.com\/profile.php?id=100063649116497","https:\/\/www.linkedin.com\/in\/marcelocapellaro\/"]}]}},"jetpack_sharing_enabled":true,"_links":{"self":[{"href":"https:\/\/3cdesign.com.ar\/index.php?rest_route=\/wp\/v2\/pages\/170"}],"collection":[{"href":"https:\/\/3cdesign.com.ar\/index.php?rest_route=\/wp\/v2\/pages"}],"about":[{"href":"https:\/\/3cdesign.com.ar\/index.php?rest_route=\/wp\/v2\/types\/page"}],"author":[{"embeddable":true,"href":"https:\/\/3cdesign.com.ar\/index.php?rest_route=\/wp\/v2\/users\/1"}],"replies":[{"embeddable":true,"href":"https:\/\/3cdesign.com.ar\/index.php?rest_route=%2Fwp%2Fv2%2Fcomments&post=170"}],"version-history":[{"count":11,"href":"https:\/\/3cdesign.com.ar\/index.php?rest_route=\/wp\/v2\/pages\/170\/revisions"}],"predecessor-version":[{"id":950,"href":"https:\/\/3cdesign.com.ar\/index.php?rest_route=\/wp\/v2\/pages\/170\/revisions\/950"}],"wp:featuredmedia":[{"embeddable":true,"href":"https:\/\/3cdesign.com.ar\/index.php?rest_route=\/wp\/v2\/media\/230"}],"wp:attachment":[{"href":"https:\/\/3cdesign.com.ar\/index.php?rest_route=%2Fwp%2Fv2%2Fmedia&parent=170"}],"curies":[{"name":"wp","href":"https:\/\/api.w.org\/{rel}","templated":true}]}}